{"id":50,"date":"2023-01-20T10:35:38","date_gmt":"2023-01-20T09:35:38","guid":{"rendered":"http:\/\/liliane-juchli.de\/?page_id=50"},"modified":"2023-03-13T12:42:31","modified_gmt":"2023-03-13T11:42:31","slug":"pflegeschulen","status":"publish","type":"page","link":"https:\/\/liliane-juchli.de\/?page_id=50","title":{"rendered":"Pflegeschulen"},"content":{"rendered":"\t\t<div data-elementor-type=\"wp-page\" data-elementor-id=\"50\" class=\"elementor elementor-50\" data-elementor-settings=\"{&quot;ha_cmc_init_switcher&quot;:&quot;no&quot;}\">\n\t\t\t\t\t\t<section class=\"elementor-section elementor-top-section elementor-element elementor-element-3c38cec elementor-section-height-min-height elementor-section-boxed elementor-section-height-default elementor-section-items-middle\" data-id=\"3c38cec\" data-element_type=\"section\" data-e-type=\"section\" data-settings=\"{&quot;background_background&quot;:&quot;classic&quot;,&quot;_ha_eqh_enable&quot;:false}\">\n\t\t\t\t\t\t<div class=\"elementor-container elementor-column-gap-default\">\n\t\t\t\t\t<div class=\"elementor-column elementor-col-50 elementor-top-column elementor-element elementor-element-e028d15\" data-id=\"e028d15\" data-element_type=\"column\" data-e-type=\"column\">\n\t\t\t<div class=\"elementor-widget-wrap\">\n\t\t\t\t\t\t\t<\/div>\n\t\t<\/div>\n\t\t\t\t<div class=\"elementor-column elementor-col-50 elementor-top-column elementor-element elementor-element-431bece elementor-hidden-mobile\" data-id=\"431bece\" data-element_type=\"column\" data-e-type=\"column\">\n\t\t\t<div class=\"elementor-widget-wrap elementor-element-populated\">\n\t\t\t\t\t\t<div class=\"elementor-element elementor-element-34924fd elementor-widget elementor-widget-heading\" data-id=\"34924fd\" data-element_type=\"widget\" data-e-type=\"widget\" data-widget_type=\"heading.default\">\n\t\t\t\t<div class=\"elementor-widget-container\">\n\t\t\t\t\t<h2 class=\"elementor-heading-title elementor-size-default\">LILIANE<\/h2>\t\t\t\t<\/div>\n\t\t\t\t<\/div>\n\t\t\t\t<div class=\"elementor-element elementor-element-56f98e0 elementor-widget elementor-widget-heading\" data-id=\"56f98e0\" data-element_type=\"widget\" data-e-type=\"widget\" data-widget_type=\"heading.default\">\n\t\t\t\t<div class=\"elementor-widget-container\">\n\t\t\t\t\t<h2 class=\"elementor-heading-title elementor-size-default\">JUCHLI<\/h2>\t\t\t\t<\/div>\n\t\t\t\t<\/div>\n\t\t\t\t<div class=\"elementor-element elementor-element-34fbe05 elementor-widget elementor-widget-heading\" data-id=\"34fbe05\" data-element_type=\"widget\" data-e-type=\"widget\" data-widget_type=\"heading.default\">\n\t\t\t\t<div class=\"elementor-widget-container\">\n\t\t\t\t\t<h2 class=\"elementor-heading-title elementor-size-default\">Gesellschaft<\/h2>\t\t\t\t<\/div>\n\t\t\t\t<\/div>\n\t\t\t\t<div class=\"elementor-element elementor-element-e288f3f elementor-align-right elementor-widget elementor-widget-button\" data-id=\"e288f3f\" data-element_type=\"widget\" data-e-type=\"widget\" data-widget_type=\"button.default\">\n\t\t\t\t<div class=\"elementor-widget-container\">\n\t\t\t\t\t\t\t\t\t<div class=\"elementor-button-wrapper\">\n\t\t\t\t\t<a class=\"elementor-button elementor-button-link elementor-size-sm\" href=\"http:\/\/localhost\/php\/ljg\/?page_id=21\">\n\t\t\t\t\t\t<span class=\"elementor-button-content-wrapper\">\n\t\t\t\t\t\t\t\t\t<span class=\"elementor-button-text\">Kontakt<\/span>\n\t\t\t\t\t<\/span>\n\t\t\t\t\t<\/a>\n\t\t\t\t<\/div>\n\t\t\t\t\t\t\t\t<\/div>\n\t\t\t\t<\/div>\n\t\t\t\t\t<\/div>\n\t\t<\/div>\n\t\t\t\t\t<\/div>\n\t\t<\/section>\n\t\t\t\t<section class=\"elementor-section elementor-top-section elementor-element elementor-element-24e1345 elementor-section-boxed elementor-section-height-default elementor-section-height-default\" data-id=\"24e1345\" data-element_type=\"section\" data-e-type=\"section\" data-settings=\"{&quot;_ha_eqh_enable&quot;:false}\">\n\t\t\t\t\t\t<div class=\"elementor-container elementor-column-gap-default\">\n\t\t\t\t\t<div class=\"elementor-column elementor-col-100 elementor-top-column elementor-element elementor-element-1cfb03a\" data-id=\"1cfb03a\" data-element_type=\"column\" data-e-type=\"column\">\n\t\t\t<div class=\"elementor-widget-wrap elementor-element-populated\">\n\t\t\t\t\t\t<div class=\"elementor-element elementor-element-ca9e7c2 elementor-widget elementor-widget-heading\" data-id=\"ca9e7c2\" data-element_type=\"widget\" data-e-type=\"widget\" data-widget_type=\"heading.default\">\n\t\t\t\t<div class=\"elementor-widget-container\">\n\t\t\t\t\t<h1 class=\"elementor-heading-title elementor-size-default\">Pflegeschulen<\/h1>\t\t\t\t<\/div>\n\t\t\t\t<\/div>\n\t\t\t\t<div class=\"elementor-element elementor-element-280688c elementor-widget elementor-widget-heading\" data-id=\"280688c\" data-element_type=\"widget\" data-e-type=\"widget\" data-widget_type=\"heading.default\">\n\t\t\t\t<div class=\"elementor-widget-container\">\n\t\t\t\t\t<h3 class=\"elementor-heading-title elementor-size-default\">Wie erfolgt die Anmeldung<\/h3>\t\t\t\t<\/div>\n\t\t\t\t<\/div>\n\t\t\t\t<div class=\"elementor-element elementor-element-becdad9 elementor-widget elementor-widget-text-editor\" data-id=\"becdad9\" data-element_type=\"widget\" data-e-type=\"widget\" data-widget_type=\"text-editor.default\">\n\t\t\t\t<div class=\"elementor-widget-container\">\n\t\t\t\t\t\t\t\t\t<p>Die Namens\u00fcbertragung ist kostenfrei. Schulen (reine Pflegeschule) d\u00fcrfen den Namen \u201eLiliane-Juchli-Pflegeschule\u201c<\/p>\t\t\t\t\t\t\t\t<\/div>\n\t\t\t\t<\/div>\n\t\t\t\t<div class=\"elementor-element elementor-element-4ef925c elementor-widget elementor-widget-heading\" data-id=\"4ef925c\" data-element_type=\"widget\" data-e-type=\"widget\" data-widget_type=\"heading.default\">\n\t\t\t\t<div class=\"elementor-widget-container\">\n\t\t\t\t\t<h3 class=\"elementor-heading-title elementor-size-default\">Inhalt<\/h3>\t\t\t\t<\/div>\n\t\t\t\t<\/div>\n\t\t\t\t<div class=\"elementor-element elementor-element-e4c8c19 elementor-widget elementor-widget-text-editor\" data-id=\"e4c8c19\" data-element_type=\"widget\" data-e-type=\"widget\" data-widget_type=\"text-editor.default\">\n\t\t\t\t<div class=\"elementor-widget-container\">\n\t\t\t\t\t\t\t\t\t<p>\u2022 Schule muss Antrag mit Begr\u00fcndung stellen (Formular), <br \/>\u2022 eine kirchliche Bindung ist nicht zwingend<br \/>\u2022 in der Schule ist auf Leben und Werk von Liliane Juchli hinzuweisen, <br \/>\u2022 Im Rahmen der Ausbildung sind Projekte zum Thema \u201eLiliane Juchli\u201c zu erarbeiten (Schauw\u00e4nde, Vortr\u00e4ge, Aufs\u00e4tze). <br \/>\u2022 Die Ergebnisse sind einmal j\u00e4hrlich \u00f6ffentlich vorzustellen<br \/>\u2022 Vertreter*innen der Liliane-Juchli-Gesellschaft Deutschland k\u00f6nnen teilnehmen.<br \/>\u2022 die Pflegeschule muss sich f\u00fcr eine gute und nachhaltige Ausbildung einsetzen <br \/>\u2022 die Vergabe des Ehrennamens ist kostenfrei, die Schule darf den Ehrennamen und das Logo im allgemeinen Gesch\u00e4ftsverkehr verwenden<br \/>\u2022 Der Ehrenname ist in einem feierlichen Rahmen zu \u00fcbergeben und zu ver\u00f6ffentlichen.<br \/>\u2022 Die Liliane-Juchli-Gesellschaft-Deutschland darf den Namen der Schule ver\u00f6ffentlichen.<br \/>\u2022 Entzug: Der Name darf entzogen werden, wenn nachhaltig gegen die vorgenannten Inhalte versto\u00dfen wird.<br \/>\u2022 Eine Zertifizierung nach AZAV ist nicht zwingend vorgeschrieben<br \/>\u2022 Der Name Liliane-Juchli-Pflegeschule darf als Zusatz zum Namen der Schule verwendet werden.<\/p>\t\t\t\t\t\t\t\t<\/div>\n\t\t\t\t<\/div>\n\t\t\t\t\t<\/div>\n\t\t<\/div>\n\t\t\t\t\t<\/div>\n\t\t<\/section>\n\t\t\t\t<\/div>\n\t\t","protected":false},"excerpt":{"rendered":"<p>LILIANE JUCHLI Gesellschaft Kontakt Pflegeschulen Wie erfolgt die Anmeldung Die Namens\u00fcbertragung ist kostenfrei. Schulen (reine Pflegeschule) d\u00fcrfen den Namen \u201eLiliane-Juchli-Pflegeschule\u201c Inhalt \u2022 Schule muss Antrag mit Begr\u00fcndung stellen (Formular), \u2022 eine kirchliche Bindung ist nicht zwingend\u2022 in der Schule ist auf Leben und Werk von Liliane Juchli hinzuweisen, \u2022 Im Rahmen der Ausbildung sind Projekte [&hellip;]<\/p>\n","protected":false},"author":1,"featured_media":0,"parent":0,"menu_order":0,"comment_status":"closed","ping_status":"closed","template":"elementor_header_footer","meta":{"footnotes":"","_links_to":"","_links_to_target":""},"class_list":["post-50","page","type-page","status-publish","hentry"],"_links":{"self":[{"href":"https:\/\/liliane-juchli.de\/index.php?rest_route=\/wp\/v2\/pages\/50","targetHints":{"allow":["GET"]}}],"collection":[{"href":"https:\/\/liliane-juchli.de\/index.php?rest_route=\/wp\/v2\/pages"}],"about":[{"href":"https:\/\/liliane-juchli.de\/index.php?rest_route=\/wp\/v2\/types\/page"}],"author":[{"embeddable":true,"href":"https:\/\/liliane-juchli.de\/index.php?rest_route=\/wp\/v2\/users\/1"}],"replies":[{"embeddable":true,"href":"https:\/\/liliane-juchli.de\/index.php?rest_route=%2Fwp%2Fv2%2Fcomments&post=50"}],"version-history":[{"count":10,"href":"https:\/\/liliane-juchli.de\/index.php?rest_route=\/wp\/v2\/pages\/50\/revisions"}],"predecessor-version":[{"id":316,"href":"https:\/\/liliane-juchli.de\/index.php?rest_route=\/wp\/v2\/pages\/50\/revisions\/316"}],"wp:attachment":[{"href":"https:\/\/liliane-juchli.de\/index.php?rest_route=%2Fwp%2Fv2%2Fmedia&parent=50"}],"curies":[{"name":"wp","href":"https:\/\/api.w.org\/{rel}","templated":true}]}}