{"id":48,"date":"2023-01-20T10:28:30","date_gmt":"2023-01-20T09:28:30","guid":{"rendered":"http:\/\/liliane-juchli.de\/?page_id=48"},"modified":"2023-03-13T11:46:53","modified_gmt":"2023-03-13T10:46:53","slug":"die-mitglieder","status":"publish","type":"page","link":"https:\/\/liliane-juchli.de\/?page_id=48","title":{"rendered":"Die Mitglieder"},"content":{"rendered":"\t\t<div data-elementor-type=\"wp-page\" data-elementor-id=\"48\" class=\"elementor elementor-48\" data-elementor-settings=\"{&quot;ha_cmc_init_switcher&quot;:&quot;no&quot;}\">\n\t\t\t\t\t\t<section class=\"elementor-section elementor-top-section elementor-element elementor-element-470851b elementor-section-height-min-height elementor-section-boxed elementor-section-height-default elementor-section-items-middle\" data-id=\"470851b\" data-element_type=\"section\" data-e-type=\"section\" data-settings=\"{&quot;background_background&quot;:&quot;classic&quot;,&quot;_ha_eqh_enable&quot;:false}\">\n\t\t\t\t\t\t<div class=\"elementor-container elementor-column-gap-default\">\n\t\t\t\t\t<div class=\"elementor-column elementor-col-50 elementor-top-column elementor-element elementor-element-7e9ff46\" data-id=\"7e9ff46\" data-element_type=\"column\" data-e-type=\"column\">\n\t\t\t<div class=\"elementor-widget-wrap\">\n\t\t\t\t\t\t\t<\/div>\n\t\t<\/div>\n\t\t\t\t<div class=\"elementor-column elementor-col-50 elementor-top-column elementor-element elementor-element-606f747 elementor-hidden-mobile\" data-id=\"606f747\" data-element_type=\"column\" data-e-type=\"column\">\n\t\t\t<div class=\"elementor-widget-wrap elementor-element-populated\">\n\t\t\t\t\t\t<div class=\"elementor-element elementor-element-ada770f elementor-widget elementor-widget-heading\" data-id=\"ada770f\" data-element_type=\"widget\" data-e-type=\"widget\" data-widget_type=\"heading.default\">\n\t\t\t\t<div class=\"elementor-widget-container\">\n\t\t\t\t\t<h2 class=\"elementor-heading-title elementor-size-default\">LILIANE<\/h2>\t\t\t\t<\/div>\n\t\t\t\t<\/div>\n\t\t\t\t<div class=\"elementor-element elementor-element-862fb7a elementor-widget elementor-widget-heading\" data-id=\"862fb7a\" data-element_type=\"widget\" data-e-type=\"widget\" data-widget_type=\"heading.default\">\n\t\t\t\t<div class=\"elementor-widget-container\">\n\t\t\t\t\t<h2 class=\"elementor-heading-title elementor-size-default\">JUCHLI<\/h2>\t\t\t\t<\/div>\n\t\t\t\t<\/div>\n\t\t\t\t<div class=\"elementor-element elementor-element-62da618 elementor-widget elementor-widget-heading\" data-id=\"62da618\" data-element_type=\"widget\" data-e-type=\"widget\" data-widget_type=\"heading.default\">\n\t\t\t\t<div class=\"elementor-widget-container\">\n\t\t\t\t\t<h2 class=\"elementor-heading-title elementor-size-default\">Gesellschaft<\/h2>\t\t\t\t<\/div>\n\t\t\t\t<\/div>\n\t\t\t\t<div class=\"elementor-element elementor-element-c9cab50 elementor-align-right elementor-widget elementor-widget-button\" data-id=\"c9cab50\" data-element_type=\"widget\" data-e-type=\"widget\" data-widget_type=\"button.default\">\n\t\t\t\t<div class=\"elementor-widget-container\">\n\t\t\t\t\t\t\t\t\t<div class=\"elementor-button-wrapper\">\n\t\t\t\t\t<a class=\"elementor-button elementor-button-link elementor-size-sm\" href=\"http:\/\/localhost\/php\/ljg\/?page_id=21\">\n\t\t\t\t\t\t<span class=\"elementor-button-content-wrapper\">\n\t\t\t\t\t\t\t\t\t<span class=\"elementor-button-text\">Kontakt<\/span>\n\t\t\t\t\t<\/span>\n\t\t\t\t\t<\/a>\n\t\t\t\t<\/div>\n\t\t\t\t\t\t\t\t<\/div>\n\t\t\t\t<\/div>\n\t\t\t\t\t<\/div>\n\t\t<\/div>\n\t\t\t\t\t<\/div>\n\t\t<\/section>\n\t\t\t\t<section class=\"elementor-section elementor-top-section elementor-element elementor-element-2115f53 elementor-section-boxed elementor-section-height-default elementor-section-height-default\" data-id=\"2115f53\" data-element_type=\"section\" data-e-type=\"section\" data-settings=\"{&quot;_ha_eqh_enable&quot;:false}\">\n\t\t\t\t\t\t<div class=\"elementor-container elementor-column-gap-default\">\n\t\t\t\t\t<div class=\"elementor-column elementor-col-100 elementor-top-column elementor-element elementor-element-83c6172\" data-id=\"83c6172\" data-element_type=\"column\" data-e-type=\"column\">\n\t\t\t<div class=\"elementor-widget-wrap elementor-element-populated\">\n\t\t\t\t\t\t<div class=\"elementor-element elementor-element-bfac4ce elementor-widget elementor-widget-heading\" data-id=\"bfac4ce\" data-element_type=\"widget\" data-e-type=\"widget\" data-widget_type=\"heading.default\">\n\t\t\t\t<div class=\"elementor-widget-container\">\n\t\t\t\t\t<h3 class=\"elementor-heading-title elementor-size-default\">Liliane Juchli Gesellschaft<\/h3>\t\t\t\t<\/div>\n\t\t\t\t<\/div>\n\t\t\t\t<div class=\"elementor-element elementor-element-a749a31 elementor-widget elementor-widget-heading\" data-id=\"a749a31\" data-element_type=\"widget\" data-e-type=\"widget\" data-widget_type=\"heading.default\">\n\t\t\t\t<div class=\"elementor-widget-container\">\n\t\t\t\t\t<h1 class=\"elementor-heading-title elementor-size-default\">Mitglieder<\/h1>\t\t\t\t<\/div>\n\t\t\t\t<\/div>\n\t\t\t\t<div class=\"elementor-element elementor-element-a5c235f elementor-widget elementor-widget-text-editor\" data-id=\"a5c235f\" data-element_type=\"widget\" data-e-type=\"widget\" data-widget_type=\"text-editor.default\">\n\t\t\t\t<div class=\"elementor-widget-container\">\n\t\t\t\t\t\t\t\t\t<ol><li>Pr\u00e4sident: Jens Frie\u00df (Institut Averosa, Pr\u00e4sident, Freistaat Sachsen)<\/li><li>Ehrenpr\u00e4sident: Siegfried Huhn (Pflegwissenschaftler\/Pflegepraktiker, Tr\u00e4ger BVK, Wittenberg, Sachsen-Anhalt)<\/li><li>Ehrenpr\u00e4sident: Manfred Richter (Ehrenpr\u00e4sident, Bocholt, Nordrhein-Westfalen)<\/li><li>Marcus Gotter (Institut Averosa, Freistaat Sachsen)<\/li><li>Dominique Paul (Institut Averosa, Freistaat Sachsen)<\/li><li>Tina Wehling (Institut Averosa, Freistaat Sachsen)<\/li><li>Karin Dams (Institut Averosa, Freistaat Sachsen)<\/li><li>Monika Kabisch (Institut Averosa, Freistaat Sachsen)<\/li><li>Stefanie Baier (Institut Averosa, Sachsen)<\/li><li>J\u00f6rg B\u00f6ttcher (SPZ Lerchenberg Wittenberg, Sachsen-Anhalt)<\/li><li>Prof. Dr. Sylvia Oha (Euraka Delitzsch, Freistaat Sachsen)<\/li><li>Anja Bormann (LVHKP Sachsen-Anhalt, Magdeburg)<\/li><li>Birgit Reglin (ehem. Schulleiterin Pflege, Lehrerin, Berlin)<\/li><li>Elisabeth H\u00f6lscher (Gewinner Euroskills Budapest, Freistaat Bayern)<\/li><li>Dorothea Thurner (Teilnehmerin Bundeswettbewerb, Freistaat Bayern)<\/li><li>Stefanie Obermayer (Gewinnerin Bundeswettbewerb, Freistaat Bayern)<\/li><li>Susann Thurm (futurecare, Sachsen-Anhalt)<\/li><li>Florian Fl\u00fcgge (Schulleiter, Niedersachsen)<\/li><li>Karin Dorn (Delitzsch, Freistaat Sachsen)<\/li><li>Helena Wingerath (Teilnehmer Bundeswettbewerb, Baden-W\u00fcrttemberg)<\/li><li>Marcus Rasim (Pr\u00e4sident Nationalmannschaft Pflege Deutschland e.V., Freistaat Bayern)<\/li><li>Mohammad Reza Nikbin (Gewinner Bundeswettbewerb, T\u00fcbingen, Baden-W\u00fcrttemberg)<\/li><li>Jean Sowa (Vs habilis Magdeburg, Sachsen-Anhalt)<\/li><li>Christopher Pienitz (DRK Wittenberg, Sachsen-Anhalt)<\/li><li>Bettina Hagen (Einrichtungsleitung, Dessau-Ro\u00dflau, Sachsen-Anhalt)<\/li><li>Holger Dudel (DGQ, Frankfurt\/Main, Berlin)<\/li><li>Peggy Spreemann (Kurhaus Bad Schmiedeberg, PDL, Sachsen-Anhalt)<\/li><li>Jan Brandt (Gewinner Bundeswettbewerb, D\u00fcsseldorf, NRW)<\/li><li>Rayk Herrlich (Pflegeschule, Berlin)<\/li><li>Sophia Warneke (Korian, Bremen, WSG)<\/li><li>Detlef Poschmann (Qualit\u00e4tsberater, Schwerin, MVP)<\/li><li>Nadine Marr (PDL, VS Wurzen, Sachsen)<\/li><\/ol>\t\t\t\t\t\t\t\t<\/div>\n\t\t\t\t<\/div>\n\t\t\t\t\t<\/div>\n\t\t<\/div>\n\t\t\t\t\t<\/div>\n\t\t<\/section>\n\t\t\t\t<section class=\"elementor-section elementor-top-section elementor-element elementor-element-6cf3783 elementor-section-boxed elementor-section-height-default elementor-section-height-default\" data-id=\"6cf3783\" data-element_type=\"section\" data-e-type=\"section\" data-settings=\"{&quot;background_background&quot;:&quot;classic&quot;,&quot;_ha_eqh_enable&quot;:false}\">\n\t\t\t\t\t\t<div class=\"elementor-container elementor-column-gap-default\">\n\t\t\t\t\t<div class=\"elementor-column elementor-col-100 elementor-top-column elementor-element elementor-element-5e5be8c\" data-id=\"5e5be8c\" data-element_type=\"column\" data-e-type=\"column\">\n\t\t\t<div class=\"elementor-widget-wrap elementor-element-populated\">\n\t\t\t\t\t\t<div class=\"elementor-element elementor-element-fcf95a8 elementor-widget elementor-widget-heading\" data-id=\"fcf95a8\" data-element_type=\"widget\" data-e-type=\"widget\" data-widget_type=\"heading.default\">\n\t\t\t\t<div class=\"elementor-widget-container\">\n\t\t\t\t\t<h3 class=\"elementor-heading-title elementor-size-default\">Der Pr\u00e4sident der Liliane-Juchli-Gesellschaft Deutschland und hat folgende Aufgaben:<\/h3>\t\t\t\t<\/div>\n\t\t\t\t<\/div>\n\t\t\t\t<div class=\"elementor-element elementor-element-f336466 elementor-widget elementor-widget-text-editor\" data-id=\"f336466\" data-element_type=\"widget\" data-e-type=\"widget\" data-widget_type=\"text-editor.default\">\n\t\t\t\t<div class=\"elementor-widget-container\">\n\t\t\t\t\t\t\t\t\t<ul><li>Er vertritt die Gesellschaft im gesamten Au\u00dfenverkehr<\/li><li>Er ist zust\u00e4ndig f\u00fcr die gesamte Organisation innerhalb der Gesellschaft.<\/li><li>Er ist zust\u00e4ndig f\u00fcr die finanzielle Absicherung der Gesellschaft.<\/li><li>Er beruft und entl\u00e4sst Mitglieder der Gesellschaft.<\/li><li>Der Pr\u00e4sident ist frei in seinem Handeln und seinen Entscheidungen.<\/li><\/ul>\t\t\t\t\t\t\t\t<\/div>\n\t\t\t\t<\/div>\n\t\t\t\t\t<\/div>\n\t\t<\/div>\n\t\t\t\t\t<\/div>\n\t\t<\/section>\n\t\t\t\t<\/div>\n\t\t","protected":false},"excerpt":{"rendered":"<p>LILIANE JUCHLI Gesellschaft Kontakt Liliane Juchli Gesellschaft Mitglieder Pr\u00e4sident: Jens Frie\u00df (Institut Averosa, Pr\u00e4sident, Freistaat Sachsen) Ehrenpr\u00e4sident: Siegfried Huhn (Pflegwissenschaftler\/Pflegepraktiker, Tr\u00e4ger BVK, Wittenberg, Sachsen-Anhalt) Ehrenpr\u00e4sident: Manfred Richter (Ehrenpr\u00e4sident, Bocholt, Nordrhein-Westfalen) Marcus Gotter (Institut Averosa, Freistaat Sachsen) Dominique Paul (Institut Averosa, Freistaat Sachsen) Tina Wehling (Institut Averosa, Freistaat Sachsen) Karin Dams (Institut Averosa, Freistaat Sachsen) Monika [&hellip;]<\/p>\n","protected":false},"author":1,"featured_media":0,"parent":0,"menu_order":0,"comment_status":"closed","ping_status":"closed","template":"elementor_header_footer","meta":{"footnotes":"","_links_to":"","_links_to_target":""},"class_list":["post-48","page","type-page","status-publish","hentry"],"_links":{"self":[{"href":"https:\/\/liliane-juchli.de\/index.php?rest_route=\/wp\/v2\/pages\/48","targetHints":{"allow":["GET"]}}],"collection":[{"href":"https:\/\/liliane-juchli.de\/index.php?rest_route=\/wp\/v2\/pages"}],"about":[{"href":"https:\/\/liliane-juchli.de\/index.php?rest_route=\/wp\/v2\/types\/page"}],"author":[{"embeddable":true,"href":"https:\/\/liliane-juchli.de\/index.php?rest_route=\/wp\/v2\/users\/1"}],"replies":[{"embeddable":true,"href":"https:\/\/liliane-juchli.de\/index.php?rest_route=%2Fwp%2Fv2%2Fcomments&post=48"}],"version-history":[{"count":13,"href":"https:\/\/liliane-juchli.de\/index.php?rest_route=\/wp\/v2\/pages\/48\/revisions"}],"predecessor-version":[{"id":298,"href":"https:\/\/liliane-juchli.de\/index.php?rest_route=\/wp\/v2\/pages\/48\/revisions\/298"}],"wp:attachment":[{"href":"https:\/\/liliane-juchli.de\/index.php?rest_route=%2Fwp%2Fv2%2Fmedia&parent=48"}],"curies":[{"name":"wp","href":"https:\/\/api.w.org\/{rel}","templated":true}]}}