{"id":308,"date":"2023-03-13T12:34:10","date_gmt":"2023-03-13T11:34:10","guid":{"rendered":"https:\/\/liliane-juchli.de\/?page_id=308"},"modified":"2023-03-13T12:42:20","modified_gmt":"2023-03-13T11:42:20","slug":"pflegeseminare","status":"publish","type":"page","link":"https:\/\/liliane-juchli.de\/?page_id=308","title":{"rendered":"Pflegeseminare"},"content":{"rendered":"\t\t<div data-elementor-type=\"wp-page\" data-elementor-id=\"308\" class=\"elementor elementor-308\" data-elementor-settings=\"{&quot;ha_cmc_init_switcher&quot;:&quot;no&quot;}\">\n\t\t\t\t\t\t<section class=\"elementor-section elementor-top-section elementor-element elementor-element-38f7795 elementor-section-height-min-height elementor-section-boxed elementor-section-height-default elementor-section-items-middle\" data-id=\"38f7795\" data-element_type=\"section\" data-e-type=\"section\" data-settings=\"{&quot;background_background&quot;:&quot;classic&quot;,&quot;_ha_eqh_enable&quot;:false}\">\n\t\t\t\t\t\t<div class=\"elementor-container elementor-column-gap-default\">\n\t\t\t\t\t<div class=\"elementor-column elementor-col-50 elementor-top-column elementor-element elementor-element-3af1962\" data-id=\"3af1962\" data-element_type=\"column\" data-e-type=\"column\">\n\t\t\t<div class=\"elementor-widget-wrap\">\n\t\t\t\t\t\t\t<\/div>\n\t\t<\/div>\n\t\t\t\t<div class=\"elementor-column elementor-col-50 elementor-top-column elementor-element elementor-element-d1adf43 elementor-hidden-mobile\" data-id=\"d1adf43\" data-element_type=\"column\" data-e-type=\"column\">\n\t\t\t<div class=\"elementor-widget-wrap elementor-element-populated\">\n\t\t\t\t\t\t<div class=\"elementor-element elementor-element-a8ef7b8 elementor-widget elementor-widget-heading\" data-id=\"a8ef7b8\" data-element_type=\"widget\" data-e-type=\"widget\" data-widget_type=\"heading.default\">\n\t\t\t\t<div class=\"elementor-widget-container\">\n\t\t\t\t\t<h2 class=\"elementor-heading-title elementor-size-default\">LILIANE<\/h2>\t\t\t\t<\/div>\n\t\t\t\t<\/div>\n\t\t\t\t<div class=\"elementor-element elementor-element-eb0d16e elementor-widget elementor-widget-heading\" data-id=\"eb0d16e\" data-element_type=\"widget\" data-e-type=\"widget\" data-widget_type=\"heading.default\">\n\t\t\t\t<div class=\"elementor-widget-container\">\n\t\t\t\t\t<h2 class=\"elementor-heading-title elementor-size-default\">JUCHLI<\/h2>\t\t\t\t<\/div>\n\t\t\t\t<\/div>\n\t\t\t\t<div class=\"elementor-element elementor-element-07d8f9a elementor-widget elementor-widget-heading\" data-id=\"07d8f9a\" data-element_type=\"widget\" data-e-type=\"widget\" data-widget_type=\"heading.default\">\n\t\t\t\t<div class=\"elementor-widget-container\">\n\t\t\t\t\t<h2 class=\"elementor-heading-title elementor-size-default\">Gesellschaft<\/h2>\t\t\t\t<\/div>\n\t\t\t\t<\/div>\n\t\t\t\t<div class=\"elementor-element elementor-element-ca8f4f0 elementor-align-right elementor-widget elementor-widget-button\" data-id=\"ca8f4f0\" data-element_type=\"widget\" data-e-type=\"widget\" data-widget_type=\"button.default\">\n\t\t\t\t<div class=\"elementor-widget-container\">\n\t\t\t\t\t\t\t\t\t<div class=\"elementor-button-wrapper\">\n\t\t\t\t\t<a class=\"elementor-button elementor-button-link elementor-size-sm\" href=\"http:\/\/localhost\/php\/ljg\/?page_id=21\">\n\t\t\t\t\t\t<span class=\"elementor-button-content-wrapper\">\n\t\t\t\t\t\t\t\t\t<span class=\"elementor-button-text\">Kontakt<\/span>\n\t\t\t\t\t<\/span>\n\t\t\t\t\t<\/a>\n\t\t\t\t<\/div>\n\t\t\t\t\t\t\t\t<\/div>\n\t\t\t\t<\/div>\n\t\t\t\t\t<\/div>\n\t\t<\/div>\n\t\t\t\t\t<\/div>\n\t\t<\/section>\n\t\t\t\t<section class=\"elementor-section elementor-top-section elementor-element elementor-element-fd4362d elementor-section-boxed elementor-section-height-default elementor-section-height-default\" data-id=\"fd4362d\" data-element_type=\"section\" data-e-type=\"section\" data-settings=\"{&quot;background_background&quot;:&quot;classic&quot;,&quot;_ha_eqh_enable&quot;:false}\">\n\t\t\t\t\t\t<div class=\"elementor-container elementor-column-gap-default\">\n\t\t\t\t\t<div class=\"elementor-column elementor-col-100 elementor-top-column elementor-element elementor-element-f63facf\" data-id=\"f63facf\" data-element_type=\"column\" data-e-type=\"column\">\n\t\t\t<div class=\"elementor-widget-wrap elementor-element-populated\">\n\t\t\t\t\t\t<div class=\"elementor-element elementor-element-871b771 elementor-widget elementor-widget-heading\" data-id=\"871b771\" data-element_type=\"widget\" data-e-type=\"widget\" data-widget_type=\"heading.default\">\n\t\t\t\t<div class=\"elementor-widget-container\">\n\t\t\t\t\t<h1 class=\"elementor-heading-title elementor-size-default\">Pflegeseminare anmelden<\/h1>\t\t\t\t<\/div>\n\t\t\t\t<\/div>\n\t\t\t\t<div class=\"elementor-element elementor-element-0c59dba elementor-widget elementor-widget-heading\" data-id=\"0c59dba\" data-element_type=\"widget\" data-e-type=\"widget\" data-widget_type=\"heading.default\">\n\t\t\t\t<div class=\"elementor-widget-container\">\n\t\t\t\t\t<h3 class=\"elementor-heading-title elementor-size-default\">Wie erfolgt die Anmeldung<\/h3>\t\t\t\t<\/div>\n\t\t\t\t<\/div>\n\t\t\t\t<div class=\"elementor-element elementor-element-177f6b6 elementor-widget elementor-widget-text-editor\" data-id=\"177f6b6\" data-element_type=\"widget\" data-e-type=\"widget\" data-widget_type=\"text-editor.default\">\n\t\t\t\t<div class=\"elementor-widget-container\">\n\t\t\t\t\t\t\t\t\t<p>Die Namens\u00fcbertragung ist kostenfrei. Seminare (Seminare bspw. Schule mit mehreren Berufsausbildungsangeboten und nur ein Teil ist Pflegeberuf, dann f\u00fcr diesen Teil m\u00f6glich) d\u00fcrfen den Namen \u201eLiliane-Juchli-Pflegeseminar\u201c \u00fcbertragen bekommen.<\/p>\t\t\t\t\t\t\t\t<\/div>\n\t\t\t\t<\/div>\n\t\t\t\t<div class=\"elementor-element elementor-element-dd26335 elementor-widget elementor-widget-heading\" data-id=\"dd26335\" data-element_type=\"widget\" data-e-type=\"widget\" data-widget_type=\"heading.default\">\n\t\t\t\t<div class=\"elementor-widget-container\">\n\t\t\t\t\t<h3 class=\"elementor-heading-title elementor-size-default\">Inhalt<\/h3>\t\t\t\t<\/div>\n\t\t\t\t<\/div>\n\t\t\t\t<div class=\"elementor-element elementor-element-f9f4cdc elementor-widget elementor-widget-text-editor\" data-id=\"f9f4cdc\" data-element_type=\"widget\" data-e-type=\"widget\" data-widget_type=\"text-editor.default\">\n\t\t\t\t<div class=\"elementor-widget-container\">\n\t\t\t\t\t\t\t\t\t<p>\u2022 Schule muss Antrag mit Begr\u00fcndung stellen (Formular), <br \/>\u2022 eine kirchliche Bindung ist nicht zwingend<br \/>\u2022 in der Schule ist auf Leben und Werk von Liliane Juchli hinzuweisen, <br \/>\u2022 Im Rahmen der Ausbildung sind Projekte zum Thema \u201eLiliane Juchli\u201c zu erarbeiten (Schauw\u00e4nde, Vortr\u00e4ge, Aufs\u00e4tze). <br \/>\u2022 Die Ergebnisse sind einmal j\u00e4hrlich \u00f6ffentlich vorzustellen<br \/>\u2022 Vertreter*innen der Liliane-Juchli-Gesellschaft Deutschland k\u00f6nnen teilnehmen.<br \/>\u2022 die Pflegeschule muss sich f\u00fcr eine gute und nachhaltige Ausbildung einsetzen <br \/>\u2022 die Vergabe des Ehrennamens ist kostenfrei, die Schule darf den Ehrennamen und das Logo im allgemeinen Gesch\u00e4ftsverkehr verwenden<br \/>\u2022 Der Ehrenname ist in einem feierlichen Rahmen zu \u00fcbergeben und zu ver\u00f6ffentlichen.<br \/>\u2022 Die Liliane-Juchli-Gesellschaft-Deutschland darf den Namen der Schule ver\u00f6ffentlichen.<br \/>\u2022 Entzug: Der Name darf entzogen werden, wenn nachhaltig gegen die vorgenannten Inhalte versto\u00dfen wird.<br \/>\u2022 Eine Zertifizierung nach AZAV ist nicht zwingend vorgeschrieben<br \/>\u2022 Der Name Liliane-Juchli-Pflegeschule darf als Zusatz zum Namen der Schule verwendet werden.<\/p>\t\t\t\t\t\t\t\t<\/div>\n\t\t\t\t<\/div>\n\t\t\t\t\t<\/div>\n\t\t<\/div>\n\t\t\t\t\t<\/div>\n\t\t<\/section>\n\t\t\t\t<\/div>\n\t\t","protected":false},"excerpt":{"rendered":"<p>LILIANE JUCHLI Gesellschaft Kontakt Pflegeseminare anmelden Wie erfolgt die Anmeldung Die Namens\u00fcbertragung ist kostenfrei. Seminare (Seminare bspw. Schule mit mehreren Berufsausbildungsangeboten und nur ein Teil ist Pflegeberuf, dann f\u00fcr diesen Teil m\u00f6glich) d\u00fcrfen den Namen \u201eLiliane-Juchli-Pflegeseminar\u201c \u00fcbertragen bekommen. Inhalt \u2022 Schule muss Antrag mit Begr\u00fcndung stellen (Formular), \u2022 eine kirchliche Bindung ist nicht zwingend\u2022 in [&hellip;]<\/p>\n","protected":false},"author":1,"featured_media":0,"parent":0,"menu_order":0,"comment_status":"closed","ping_status":"closed","template":"elementor_header_footer","meta":{"footnotes":"","_links_to":"","_links_to_target":""},"class_list":["post-308","page","type-page","status-publish","hentry"],"_links":{"self":[{"href":"https:\/\/liliane-juchli.de\/index.php?rest_route=\/wp\/v2\/pages\/308","targetHints":{"allow":["GET"]}}],"collection":[{"href":"https:\/\/liliane-juchli.de\/index.php?rest_route=\/wp\/v2\/pages"}],"about":[{"href":"https:\/\/liliane-juchli.de\/index.php?rest_route=\/wp\/v2\/types\/page"}],"author":[{"embeddable":true,"href":"https:\/\/liliane-juchli.de\/index.php?rest_route=\/wp\/v2\/users\/1"}],"replies":[{"embeddable":true,"href":"https:\/\/liliane-juchli.de\/index.php?rest_route=%2Fwp%2Fv2%2Fcomments&post=308"}],"version-history":[{"count":4,"href":"https:\/\/liliane-juchli.de\/index.php?rest_route=\/wp\/v2\/pages\/308\/revisions"}],"predecessor-version":[{"id":313,"href":"https:\/\/liliane-juchli.de\/index.php?rest_route=\/wp\/v2\/pages\/308\/revisions\/313"}],"wp:attachment":[{"href":"https:\/\/liliane-juchli.de\/index.php?rest_route=%2Fwp%2Fv2%2Fmedia&parent=308"}],"curies":[{"name":"wp","href":"https:\/\/api.w.org\/{rel}","templated":true}]}}