{"id":202,"date":"2023-02-06T15:48:53","date_gmt":"2023-02-06T14:48:53","guid":{"rendered":"http:\/\/liliane-juchli.de\/?page_id=202"},"modified":"2023-02-06T16:01:50","modified_gmt":"2023-02-06T15:01:50","slug":"unser-datenschutzkonzept","status":"publish","type":"page","link":"https:\/\/liliane-juchli.de\/?page_id=202","title":{"rendered":"Unser Datenschutzkonzept"},"content":{"rendered":"\t\t<div data-elementor-type=\"wp-page\" data-elementor-id=\"202\" class=\"elementor elementor-202\" data-elementor-settings=\"{&quot;ha_cmc_init_switcher&quot;:&quot;no&quot;}\">\n\t\t\t\t\t\t<section class=\"elementor-section elementor-top-section elementor-element elementor-element-0fcd7c6 elementor-section-height-min-height elementor-section-boxed elementor-section-height-default elementor-section-items-middle\" data-id=\"0fcd7c6\" data-element_type=\"section\" data-e-type=\"section\" data-settings=\"{&quot;background_background&quot;:&quot;classic&quot;,&quot;_ha_eqh_enable&quot;:false}\">\n\t\t\t\t\t\t<div class=\"elementor-container elementor-column-gap-default\">\n\t\t\t\t\t<div class=\"elementor-column elementor-col-100 elementor-top-column elementor-element elementor-element-9e0a887\" data-id=\"9e0a887\" data-element_type=\"column\" data-e-type=\"column\">\n\t\t\t<div class=\"elementor-widget-wrap\">\n\t\t\t\t\t\t\t<\/div>\n\t\t<\/div>\n\t\t\t\t\t<\/div>\n\t\t<\/section>\n\t\t\t\t<section class=\"elementor-section elementor-top-section elementor-element elementor-element-f3838b7 elementor-section-boxed elementor-section-height-default elementor-section-height-default\" data-id=\"f3838b7\" data-element_type=\"section\" data-e-type=\"section\" data-settings=\"{&quot;_ha_eqh_enable&quot;:false}\">\n\t\t\t\t\t\t<div class=\"elementor-container elementor-column-gap-default\">\n\t\t\t\t\t<div class=\"elementor-column elementor-col-100 elementor-top-column elementor-element elementor-element-9c118ef\" data-id=\"9c118ef\" data-element_type=\"column\" data-e-type=\"column\">\n\t\t\t<div class=\"elementor-widget-wrap elementor-element-populated\">\n\t\t\t\t\t\t<div class=\"elementor-element elementor-element-905f4b1 elementor-widget elementor-widget-heading\" data-id=\"905f4b1\" data-element_type=\"widget\" data-e-type=\"widget\" data-widget_type=\"heading.default\">\n\t\t\t\t<div class=\"elementor-widget-container\">\n\t\t\t\t\t<h2 class=\"elementor-heading-title elementor-size-default\">UNSER DATENSCHUTZKONZEPT<\/h2>\t\t\t\t<\/div>\n\t\t\t\t<\/div>\n\t\t\t\t<div class=\"elementor-element elementor-element-178af06 elementor-widget elementor-widget-text-editor\" data-id=\"178af06\" data-element_type=\"widget\" data-e-type=\"widget\" data-widget_type=\"text-editor.default\">\n\t\t\t\t<div class=\"elementor-widget-container\">\n\t\t\t\t\t\t\t\t\t<p><strong>Ziel des Datenschutzkonzeptes<\/strong><strong>\u00a0<br \/><\/strong>Das Datenschutzkonzept hat zum Ziel, in einer zusammenfassenden Dokumentation die datenschutzrechtlichen Aspekte darzustellen. Es wird als Grundlage f\u00fcr datenschutzrechtliche Pr\u00fcfungen z. B. durch Auftraggeber im Rahmen der Auftragsverarbeitung genutzt werden. Dadurch soll die Einhaltung der europ\u00e4ischen Datenschutz-Grundverordnung (DSGVO) und des Bundesdatenschutzgesetzes nicht nur gew\u00e4hrleistet, sondern auch der Nachweis der Einhaltung geschaffen werden.<\/p><p>Unsere Unternehmen sind \u00fcberregional t\u00e4tig, die unterschiedliche Projekte umsetzen.\u00a0 F\u00fcr die Bearbeitung von Vertr\u00e4gen und Projekten als auch der Anstellung von Mitarbeitern ist es n\u00f6tig, unterschiedlichste Daten zu erheben und diese zu verarbeiten sowie weiterzuleiten, bspw. im Rahmen von Abrechnungen. Uns ist der sichere Umgang mit erhobenen Daten wichtig.<\/p><p><strong>Zust\u00e4ndig in unserem Verein f\u00fcr den Datenschutz sind:<\/strong><\/p><ul><li>der Inhaber<\/li><\/ul><p><strong>Einsatz eines Datenschutzverantwortlichen<br \/><\/strong>Datenschutzverantwortliche\/r (intern): Jens Frie\u00df<\/p><p>Aufsichtsbeh\u00f6rde ist der\/die Datenschutzbeauftragte des Landes und der Bundesbeauftragte f\u00fcr den Datenschutz.<\/p><p><strong>Definition \u2013 was sind personenbezogene Daten?<br \/><\/strong>Personenbezogene Daten sind alle Daten, die eine Person beschreiben. Damit sind auch Daten gemeint, die indirekt auf eine Person bezogen werden k\u00f6nnen (personen-beziehbare Daten). Sensible Daten (besonders gesch\u00fctzte Daten): Daten \u00fcber Gesinnung, politische Einstellung, Religion, Gesundheit, etc.. Potentiell diskriminierende Daten: Alter, Geschlecht, Herkunft etc. In bestimmten Bereichen k\u00f6nnen Daten m\u00f6glicherweise zu Diskriminierung f\u00fchren. Daten \u00fcber Leistung oder Verhalten: Daten, die zur Leistungs- oder Verhaltenskontrolle von Mitarbeitern geeignet sind, machen auf der Basis des Personalvertretungsgesetzes eine Beteiligung der Personalvertretung notwendig. Daten mit geringer Zweckbindung: bei computergest\u00fctzter Verarbeitung d\u00fcrfen offene Bemerkungsfelder personenbezogen nicht verwendet werden, da mit ihnen beliebige Daten gespeichert werden k\u00f6nnen. Falls m\u00f6glich, sollte auf solche Felder verzichtet werden.<\/p><p>Wir orientieren uns an den geltenden <strong>Datenschutzgrunds\u00e4tzen<\/strong>, insbesondere:<\/p><p><strong>Verbotsvermutung und Erlaubnisvorbehalt: <\/strong>Die Verarbeitung personenbezogener Daten ist grunds\u00e4tzlich verboten, es sei denn eine rechtliche Grundlage erlaubt die Verarbeitung oder, es liegt eine rechtsg\u00fcltige Einwilligung des Betroffenen vor. (Treu und Glauben)<\/p><p><strong>Datenerhebung beim Betroffenen: <\/strong>Daten sind grunds\u00e4tzlich bei der bzw. dem Betroffenen mit ihrer\/seiner Kenntnis zu erheben, nicht jedoch ohne Wissen der\/des Betroffenen bei Dritten. Die Daten sind sachlich richtig und ggfls. auf dem neuesten Stand.<\/p><p><strong>Datenvermeidung\/Datenminimierung: <\/strong>In jedem Fall sollten so wenige Daten wie m\u00f6glich verarbeitet werden. Die Datenerhebung, -speicherung und -verarbeitung muss auf das notwendige Ma\u00df beschr\u00e4nkt sein.<\/p><p><strong>Zweckbindung:<\/strong> Personenbezogene Daten d\u00fcrfen nur f\u00fcr den Zweck genutzt werden, f\u00fcr den sie erhoben bzw. gespeichert wurden. Die Zwecke m\u00fcssen eindeutig bestimmt, festgelegt und legitim sein. Der Zweck muss angemessen und erheblich sein.<\/p><p><strong>Datensicherheit: <\/strong>Es sind technische und organisatorische Ma\u00dfnahmen zu treffen, die nicht berechtigte Verarbeitung und Nutzung unterbinden.<\/p><p><strong>L\u00f6schung: <\/strong>Personenbezogene Daten sind zu l\u00f6schen, sobald der Zweck, f\u00fcr den sie erhoben wurden, nicht mehr besteht bzw. sie f\u00fcr den Zweck nicht mehr ben\u00f6tigt werden. (In einigen F\u00e4llen sind hier gesetzliche Aufbewahrungsfristen, bspw. Abgabenordnung, Regelungen der Kranken- und Pflegekassen, der Sozialhilfetr\u00e4ger bzw. im Qualit\u00e4tsmanagement zu beachten.)<\/p><p><strong>Rechte der Betroffenen: <\/strong>Auskunft, Einsichtnahme, Widerspruch aus besonderem Grund, Unterrichtung, Berichtigung, Sperrung und L\u00f6schung, Schadensersatz, Anrufung der Landesbeauftragten f\u00fcr den Datenschutz, Auskunft aus dem Verfahrensverzeichnis<\/p><p>Wir verpflichten uns zur kontinuierlichen Verbesserung unseres Datenschutzmanagementsystems. Hierzu geh\u00f6ren regelm\u00e4\u00dfige Schulungen, mindestens 1 x j\u00e4hrlich zur Sensibilisierung und Verpflichtung aller Mitarbeiter zur Einhaltung der Datenschutzgrunds\u00e4tze.<\/p><p><strong>Anforderungen interner und externer Parteien:<br \/><\/strong>Besondere Anforderungen ergeben sich aus dem BDSG und dem Strafgesetzbuch.<\/p><p><strong>Dokumentation<\/strong><\/p><p>\u00a0<\/p>\t\t\t\t\t\t\t\t<\/div>\n\t\t\t\t<\/div>\n\t\t\t\t\t<\/div>\n\t\t<\/div>\n\t\t\t\t\t<\/div>\n\t\t<\/section>\n\t\t\t\t<\/div>\n\t\t","protected":false},"excerpt":{"rendered":"<p>UNSER DATENSCHUTZKONZEPT Ziel des Datenschutzkonzeptes\u00a0Das Datenschutzkonzept hat zum Ziel, in einer zusammenfassenden Dokumentation die datenschutzrechtlichen Aspekte darzustellen. Es wird als Grundlage f\u00fcr datenschutzrechtliche Pr\u00fcfungen z. B. durch Auftraggeber im Rahmen der Auftragsverarbeitung genutzt werden. Dadurch soll die Einhaltung der europ\u00e4ischen Datenschutz-Grundverordnung (DSGVO) und des Bundesdatenschutzgesetzes nicht nur gew\u00e4hrleistet, sondern auch der Nachweis der Einhaltung geschaffen [&hellip;]<\/p>\n","protected":false},"author":1,"featured_media":0,"parent":0,"menu_order":0,"comment_status":"closed","ping_status":"closed","template":"elementor_header_footer","meta":{"footnotes":"","_links_to":"","_links_to_target":""},"class_list":["post-202","page","type-page","status-publish","hentry"],"_links":{"self":[{"href":"https:\/\/liliane-juchli.de\/index.php?rest_route=\/wp\/v2\/pages\/202","targetHints":{"allow":["GET"]}}],"collection":[{"href":"https:\/\/liliane-juchli.de\/index.php?rest_route=\/wp\/v2\/pages"}],"about":[{"href":"https:\/\/liliane-juchli.de\/index.php?rest_route=\/wp\/v2\/types\/page"}],"author":[{"embeddable":true,"href":"https:\/\/liliane-juchli.de\/index.php?rest_route=\/wp\/v2\/users\/1"}],"replies":[{"embeddable":true,"href":"https:\/\/liliane-juchli.de\/index.php?rest_route=%2Fwp%2Fv2%2Fcomments&post=202"}],"version-history":[{"count":7,"href":"https:\/\/liliane-juchli.de\/index.php?rest_route=\/wp\/v2\/pages\/202\/revisions"}],"predecessor-version":[{"id":212,"href":"https:\/\/liliane-juchli.de\/index.php?rest_route=\/wp\/v2\/pages\/202\/revisions\/212"}],"wp:attachment":[{"href":"https:\/\/liliane-juchli.de\/index.php?rest_route=%2Fwp%2Fv2%2Fmedia&parent=202"}],"curies":[{"name":"wp","href":"https:\/\/api.w.org\/{rel}","templated":true}]}}